{"id":343,"date":"2025-01-01T17:06:59","date_gmt":"2025-01-01T16:06:59","guid":{"rendered":"https:\/\/veganramenshop.pl\/?page_id=343"},"modified":"2025-01-23T15:12:41","modified_gmt":"2025-01-23T14:12:41","slug":"prywatnosc","status":"publish","type":"page","link":"https:\/\/veganramenshop.pl\/en\/prywatnosc\/","title":{"rendered":"Polityka prywatno\u015bci i polityka cookies"},"content":{"rendered":"<h2 class=\"wp-block-heading has-medium-font-size\">\u00a71 Administracja danych osobowych<\/h2><ol class=\"wp-block-list\"><li>Administratorem danych osobowych jest VEGAN RAMEN SHOP SP\u00d3\u0141KA Z OGRANICZON\u0104 ODPOWIEDZIALNO\u015aCI\u0104 z siedzib\u0105 w WARSZAWIE, ul. LUDWIKA NARBUTTA 83\/U3, wpisan\u0105 do rejestru przedsi\u0119biorc\u00f3w Krajowego Rejestru S\u0105dowego prowadzonego przez S\u0105d Rejonowy DLA M.ST. WARSZAWY, XIII Wydzia\u0142 Gospodarczy Krajowego Rejestru S\u0105dowego pod numerem KRS 0001043770, NIP: 5214025678, REGON 525690395, kapita\u0142 zak\u0142adowy w wysoko\u015bci 28 000,00 Z\u0141.<\/li>\n\n<li>Kontakt z osob\u0105 nadzoruj\u0105c\u0105 przetwarzanie danych osobowych w organizacji jest mo\u017cliwy drog\u0105 elektroniczn\u0105 pod adresem e-mail: veganramenbar@gmail.com, pisemnie na adres Administratora.<\/li>\n\n<li>Niniejsza Polityka zawiera zasady dotycz\u0105ce przetwarzania danych osobowych przez Administratora w Serwisie Internetowym, w tym podstawy, cele i zakres przetwarzania danych osobowych oraz prawa os\u00f3b, kt\u00f3rych dane dotycz\u0105.<\/li>\n\n<li>Dane osobowe przetwarzane s\u0105 przez Administratora zgodnie z obowi\u0105zuj\u0105cymi przepisami prawa, w szczeg\u00f3lno\u015bci zgodnie z rozporz\u0105dzeniem Parlamentu Europejskiego i Rady (UE) 2016\/679 z dnia 27 kwietnia 2016 r. w sprawie ochrony os\u00f3b fizycznych w zwi\u0105zku z przetwarzaniem danych osobowych i w sprawie swobodnego przep\u0142ywu takich danych oraz uchylenia dyrektywy 95\/46\/WE (og\u00f3lne rozporz\u0105dzenie o ochronie danych) Oficjalny tekst Rozporz\u0105dzenia RODO: http:\/\/eur-lex.europa.eu\/legal-content\/PL\/TXT\/?uri=CELEX%3A32016R0679.<\/li>\n\n<li>Uprawnienia U\u017cytkownika nie s\u0105 bezwzgl\u0119dne i nie przys\u0142uguj\u0105 w odniesieniu do wszystkich czynno\u015bci przetwarzania danych osobowych.<\/li><\/ol><p class=\"has-medium-font-size\"><strong>\u00a72 Definicje<\/strong><\/p><ol class=\"wp-block-list\"><li>Administrator &#8211; VEGAN RAMEN SHOP SP\u00d3\u0141KA Z OGRANICZON\u0104 ODPOWIEDZIALNO\u015aCI\u0104 z siedzib\u0105 w WARSZAWIE, ul. LUDWIKA NARBUTTA 83\/U3, wpisan\u0105 do rejestru przedsi\u0119biorc\u00f3w Krajowego Rejestru S\u0105dowego prowadzonego przez S\u0105d Rejonowy DLA M.ST. WARSZAWY, XIII Wydzia\u0142 Gospodarczy Krajowego Rejestru S\u0105dowego pod numerem KRS 0001043770, NIP: 5214025678, REGON 525690395, kapita\u0142 zak\u0142adowy w wysoko\u015bci 28 000,00 Z\u0141.<\/li>\n\n<li>Dane osobowe &#8211; informacje o osobie fizycznej zidentyfikowanej lub mo\u017cliwej do zidentyfikowania poprzez jeden b\u0105d\u017a kilka szczeg\u00f3lnych czynnik\u00f3w okre\u015blaj\u0105cych fizyczn\u0105, fizjologiczn\u0105, genetyczn\u0105, psychiczn\u0105, ekonomiczn\u0105, kulturow\u0105 lub spo\u0142eczn\u0105 to\u017csamo\u015b\u0107, w tym IP urz\u0105dzenia, identyfikator internetowy oraz informacje gromadzone za po\u015brednictwem plik\u00f3w cookie oraz innej podobnej technologii.<\/li>\n\n<li>Polityka &#8211; niniejsza Polityka prywatno\u015bci.<\/li>\n\n<li>RODO \/ Rozporz\u0105dzenie RODO &#8211; rozporz\u0105dzenie parlamentu Europejskiego i Rady (UE) 2016\/679 z 27.04.2016 r. w sprawie ochrony os\u00f3b fizycznych w zwi\u0105zku z przetwarzaniem danych osobowych i w sprawie swobodnego przep\u0142ywu takich danych oraz uchylenia dyrektywy 95\/46\/WE.<\/li>\n\n<li>Serwis &#8211; serwis internetowy prowadzony przez Administratora pod adresem www.veganramenshop.pl.<\/li>\n\n<li>U\u017cytkownik &#8211; ka\u017cda osoba fizyczna&nbsp; odwiedzaj\u0105ca Serwis lub korzystaj\u0105ca z jednej albo kilku us\u0142ug czy funkcjonalno\u015bci opisanych w Polityce.<\/li><\/ol><p class=\"has-medium-font-size\"><strong>\u00a73 Bezpiecze\u0144stwo<\/strong><\/p><ol class=\"wp-block-list\"><li>Administrator wdro\u017cy\u0142 odpowiednie \u015brodki techniczne i organizacyjne, kt\u00f3re zapewniaj\u0105 bezpiecze\u0144stwo przetwarzania danych osobowych, a w szczeg\u00f3lno\u015bci jest odpowiedzialny i zapewnia, \u017ce zbierane przez niego dane s\u0105:<ol class=\"wp-block-list\"><li>przetwarzane zgodnie z prawem;<\/li>\n\n<li>zbierane dla oznaczonych, zgodnych z prawem cel\u00f3w i niepoddawane dalszemu przetwarzaniu niezgodnemu z tymi celami;<\/li>\n\n<li>merytorycznie poprawne i adekwatne w stosunku do cel\u00f3w, w jakich s\u0105 przetwarzane;<\/li>\n\n<li>przechowywane w postaci umo\u017cliwiaj\u0105cej identyfikacj\u0119 os\u00f3b, kt\u00f3rych dotycz\u0105, nie d\u0142u\u017cej ni\u017c jest to niezb\u0119dne do osi\u0105gni\u0119cia celu przetwarzania oraz<\/li>\n\n<li>przetwarzane w spos\u00f3b zapewniaj\u0105cy odpowiednie bezpiecze\u0144stwo danych osobowych, w tym ochron\u0119 przed niedozwolonym lub niezgodnym z prawem przetwarzaniem oraz przypadkow\u0105 utrat\u0105, zniszczeniem lub uszkodzeniem, za pomoc\u0105 odpowiednich \u015brodk\u00f3w technicznych lub organizacyjnych.<\/li><\/ol><\/li><\/ol><p class=\"has-medium-font-size\"><strong>\u00a74 Cele i podstawy prawne przetwarzania danych<\/strong><\/p><ol class=\"wp-block-list\"><li>Na podstawie artyku\u0142 6 ust. 1 lit. a) Rozporz\u0105dzenia RODO (zgody) dane osobowe b\u0119d\u0105 przetwarzane w celach:<ol class=\"wp-block-list\"><li>marketingu produkt\u00f3w i us\u0142ug Administratora i partner\u00f3w Administratora,<\/li>\n\n<li>wysy\u0142ki Newslettera,<\/li>\n\n<li>moderowania tre\u015bci w Serwisie,<\/li>\n\n<li>zapisywania danych w plikach cookie, jak r\u00f3wnie\u017c wykorzystywaniu plik\u00f3w cookie do prawid\u0142owego funkcjonowania Serwisu,<\/li>\n\n<li>wydawania opinii o produkcie lub us\u0142udze,<\/li>\n\n<li>udzia\u0142u w webinarze lub szkoleniu online,<\/li>\n\n<li>kontaktu za po\u015brednictwem narz\u0119dzi porozumiewania si\u0119 na odleg\u0142o\u015b\u0107, w szczeg\u00f3lno\u015bci: telefonicznego, mailowego lub aplikacji.<\/li><\/ol><\/li>\n\n<li>Na podstawie artyku\u0142u 6 ust 1 lit. b) Rozporz\u0105dzenia RODO&nbsp; (wykonywania umowy) dane dobowe b\u0119d\u0105 przetwarzane w celach:<ol class=\"wp-block-list\"><li>Wykonywania umowy sprzeda\u017cy lub umowy o \u015bwiadczenia Us\u0142ugi lub podj\u0119cia dzia\u0142a\u0144 na \u017c\u0105danie osoby, kt\u00f3rej dane dotycz\u0105 przed zawarciem wskazanej umowy lub po jej zawarciu, w szczeg\u00f3lno\u015bci: prawo do r\u0119kojmi, rozpatrzenia<\/li>\n\n<li>Reklamacji lub odst\u0105pienia od umowy zawartej na odleg\u0142o\u015b\u0107<\/li><\/ol><\/li>\n\n<li>Na podstawie artyku\u0142u 6 ust 1 lit. c) Rozporz\u0105dzenia RODO&nbsp; (obowi\u0105zek prawny ci\u0105\u017c\u0105cy na Administratorze) dane dobowe b\u0119d\u0105 przetwarzane w celach:<ol class=\"wp-block-list\"><li>Wystawianie i przechowywanie faktur, rachunk\u00f3w lub spe\u0142nienia innych obowi\u0105zk\u00f3w wynikaj\u0105cych z przepis\u00f3w podatkowo-rachunkowych, (obowi\u0105zek archiwizacyjny dot. dokument\u00f3w ksi\u0119gowych).<\/li>\n\n<li>Tworzenie rejestr\u00f3w i innej dokumentacji nakazanej przepisami RODO.<\/li><\/ol><\/li>\n\n<li>Na podstawie artyku\u0142u 6 ust 1 lit. f) Rozporz\u0105dzenia RODO&nbsp; (prawnie uzasadniony interes Administratora) dane dobowe b\u0119d\u0105 przetwarzane w celach:<ol class=\"wp-block-list\"><li>Prawid\u0142owej realizacji umowy, b\u0119d\u0105 przetwarzane przez czas realizacji umowy i uprawnie\u0144 z niej wynikaj\u0105cych np. prawo do reklamacji. Podanie danych jest dobrowolne, ale i niezb\u0119dne.<\/li>\n\n<li>Zabezpieczenia bezpiecze\u0144stwa Serwisu, zarz\u0105dzania Serwisem oraz jego prawid\u0142owego dzia\u0142ania.<\/li>\n\n<li>Prowadzenia statystyk i analiz ruchu w Serwisie Internetowym.<\/li>\n\n<li>Marketingu bezpo\u015bredniego.<\/li>\n\n<li>Ustalenia roszcze\u0144 podnoszonych przez lub wobec Administratora.<\/li>\n\n<li>Kontaktu z U\u017cytkownikiem.<\/li>\n\n<li>Obs\u0142ugi Serwisu www.veganramenshop.pl.<\/li>\n\n<li>Obs\u0142ugi konta w Facebook, TikTok, Instagram i wchodzenie w interakcj\u0119 z U\u017cytkownikami wskazanych portali.<\/li>\n\n<li>Dane mog\u0105 by\u0107 przekazywane do nast\u0119puj\u0105cych odbiorc\u00f3w lub kategorii odbiorc\u00f3w danych osobowych tj. firmom kurierskim, operatorom pocztowym, kancelariom prawnym, firmom ksi\u0119gowym, dostawcom i serwisantom us\u0142ug IT.<\/li><\/ol><\/li><\/ol><p class=\"has-medium-font-size\"><strong>\u00a75 Profilowanie<\/strong><\/p><ol class=\"wp-block-list\"><li>Rozporz\u0105dzenie RODO nak\u0142ada na Administratora obowi\u0105zek informowania o zautomatyzowanym podejmowaniu decyzji, w tym o profilowaniu, o kt\u00f3rym mowa w art. 22 ust. 1 i 4 Rozporz\u0105dzenia RODO, oraz &#8211; przynajmniej w tych przypadkach &#8211; istotne informacje o zasadach ich podejmowania, a tak\u017ce o znaczeniu i przewidywanych konsekwencjach takiego przetwarzania dla osoby, kt\u00f3rej dane dotycz\u0105. Maj\u0105c to na uwadze Administrator podaje w tym punkcie polityki prywatno\u015bci informacje dotycz\u0105ce mo\u017cliwego profilowania.<\/li>\n\n<li>Administrator mo\u017ce korzysta\u0107 w Serwisie z profilowania do cel\u00f3w marketingowych wykorzystuj\u0105c podane przez U\u017cytkownika dane osobowe.<\/li>\n\n<li>Osoba, kt\u00f3rej dane dotycz\u0105, ma prawo do tego, by nie podlega\u0107 decyzji, kt\u00f3ra opiera si\u0119 wy\u0142\u0105cznie na zautomatyzowanym przetwarzaniu, w tym profilowaniu, i wywo\u0142uje wobec tej osoby skutki prawne lub w podobny spos\u00f3b istotnie na ni\u0105 wp\u0142ywa.<\/li><\/ol><p class=\"has-medium-font-size\"><strong>\u00a76 Okres przetwarzania Danych osobowych<\/strong><\/p><ol class=\"wp-block-list\"><li>Okres przetwarzania danych przez Administratora zale\u017cy od rodzaju \u015bwiadczonej us\u0142ugi i celu przetwarzania. Co do zasady dane przetwarzane s\u0105 przez czas \u015bwiadczenia us\u0142ugi, do czasu wycofania wyra\u017conej zgody lub zg\u0142oszenia skutecznego sprzeciwu wzgl\u0119dem przetwarzania danych w przypadkach, gdy podstaw\u0105 prawn\u0105 przetwarzania danych jest prawnie uzasadniony interes Administratora.<\/li>\n\n<li>Okres przetwarzania danych mo\u017ce by\u0107 przed\u0142u\u017cony w przypadku, gdy przetwarzanie jest niezb\u0119dne do ustalenia i dochodzenia ewentualnych roszcze\u0144 lub obrony przed roszczeniami, a po tym czasie jedynie w przypadku i w zakresie, w jakim b\u0119d\u0105 wymaga\u0107 tego przepisy prawa. Po up\u0142ywie okresu przetwarzania dane s\u0105 nieodwracalnie usuwane lub zanonimizowane.<\/li><\/ol><p class=\"has-medium-font-size\"><strong>\u00a77 Prawa U\u017cytkownika<\/strong><\/p><ol class=\"wp-block-list\"><li>U\u017cytkownikowi w odniesieniu do swoich danych osobowych przys\u0142uguj\u0105 nast\u0119puj\u0105ce prawa:<ol class=\"wp-block-list\"><li>dost\u0119p do swoich danych osobowych,<\/li>\n\n<li>sprostowania danych osobowych w dowolnym momencie,<\/li>\n\n<li>usuni\u0119cia swoich danych osobowych w dowolnym momencie,<\/li>\n\n<li>otrzymania kopii swoich danych,<\/li>\n\n<li>ograniczenia przetwarzania danych osobowych,<\/li>\n\n<li>sprzeciwu wobec przetwarzania danych osobowych,<\/li>\n\n<li>przenoszenia danych osobowych,<\/li>\n\n<li>cofni\u0119cia zgody; wycofanie zgody nie wp\u0142ywa na zgodno\u015b\u0107 z prawem przetwarzania dokonanego przed jej cofni\u0119ciem,<\/li>\n\n<li>sprzeciwu wobec przetwarzania danych osobowych na podstawie uzasadnionego interesu Administratora w celach marketingowych, marketingu bezpo\u015bredniego oraz w celach innych ni\u017c marketingowe,<\/li>\n\n<li>do wniesienia skargi do organu nadzorczego.<\/li><\/ol><\/li><\/ol><p class=\"has-medium-font-size\"><strong>\u00a78 Odbiorcy danych osobowych<\/strong><\/p><ol class=\"wp-block-list\"><li>Administrator w celu prawid\u0142owego prowadzenia Serwisu przekazuje dane osobowe U\u017cytkownika innym podmiotom zewn\u0119trznym, w szczeg\u00f3lno\u015bci: Firma hostingowa, firmy kurierskie, operator pocztowy, kancelarie prawne i windykacyjne, operatorzy p\u0142atno\u015bci, ubezpieczyciele, banki, firmy marketingowe, partnerzy biznesowi i dostawcy, partnerzy biznesowi, system mailingowy.<\/li>\n\n<li>Administrator zastrzega sobie prawo do ujawnienia danych osobowych w sytuacji, gdy b\u0119dzie to wynika\u0107 z obowi\u0105zuj\u0105cych przepis\u00f3w prawa, w tym obowi\u0105zek przekazania informacji do w\u0142a\u015bciwych organ\u00f3w administracyjnych lub organ\u00f3w \u015bcigania.<\/li><\/ol><p class=\"has-medium-font-size\"><strong>\u00a79 Przekazywanie danych osobowych poza EOG<\/strong><\/p><ol class=\"wp-block-list\"><li>Poziom ochrony Danych osobowych poza Europejskim Obszarem Gospodarczym (EOG) r\u00f3\u017cni si\u0119 od tego zapewnianego przez prawo europejskie. Z tego powodu Administrator przekazuje Dane osobowe poza EOG tylko wtedy, gdy jest to konieczne, w szczeg\u00f3lno\u015bci, gdy korzysta z us\u0142ug podmiotu mi\u0119dzynarodowego. Zawsze jednak zapewnia odpowiedni stopie\u0144 ochrony, przede wszystkim poprzez:<ol class=\"wp-block-list\"><li>wsp\u00f3\u0142prac\u0119 z podmiotami przetwarzaj\u0105cymi Dane osobowe w pa\u0144stwach, w odniesieniu do kt\u00f3rych zosta\u0142a wydana stosowna decyzja Komisji Europejskiej dotycz\u0105ca stwierdzenia zapewnienia odpowiedniego stopnia ochrony Danych osobowych;&nbsp;<\/li>\n\n<li>stosowanie wi\u0105\u017c\u0105cych regu\u0142 korporacyjnych zatwierdzonych przez mi\u0119dzynarodowe normy certyfikacyjne i w\u0142a\u015bciwy organ nadzorczy;&nbsp;<\/li>\n\n<li>stosowanie standardowych klauzul umownych wydanych przez Komisj\u0119 Europejsk\u0105 na podstawie art. 46 RODO.&nbsp;<\/li>\n\n<li>Dane osobowe mog\u0105 by\u0107 r\u00f3wnie\u017c przekazywane poza obszar EOG na podstawie zgody U\u017cytkownika. U\u017cytkownik jest wcze\u015bniej o tym zdarzeniu informowany.<\/li><\/ol><\/li><\/ol><p class=\"has-medium-font-size\"><strong>\u00a710 Bezpiecze\u0144stwo Danych osobowych<\/strong><\/p><ol class=\"wp-block-list\"><li>Administrator na bie\u017c\u0105co prowadzi analiz\u0119 ryzyka w celu zapewnienia, \u017ce Dane osobowe przetwarzane s\u0105 przez niego w spos\u00f3b bezpieczny. Poprzez swoje dzia\u0142anie zapewnia przede wszystkim, \u017ce dost\u0119p do danych maj\u0105 jedynie osoby upowa\u017cnione i jedynie w zakresie, w jakim jest to niezb\u0119dne ze wzgl\u0119du na wykonywane przez nie zadania.<\/li>\n\n<li>Administrator zobowi\u0105zany jest do podejmowania wszelkich dozwolonych przepisami prawa dzia\u0142a\u0144, by wszystkie operacje na Danych osobowych by\u0142y rejestrowane i dokonywane jedynie przez uprawniony podmiot.<\/li>\n\n<li>Administrator obowi\u0105zany jest r\u00f3wnie\u017c do tego, aby inne podmioty wsp\u00f3\u0142pracuj\u0105ce z Administratorem dawa\u0142y gwarancj\u0119 stosowania odpowiednich \u015brodk\u00f3w bezpiecze\u0144stwa w ka\u017cdym przypadku, gdy przetwarzaj\u0105 Dane osobowe na zlecenie Administratora.<\/li><\/ol><p class=\"has-medium-font-size\"><strong>\u00a711 Zmiany Polityki prywatno\u015bci<\/strong><\/p><p>Aktualna wersja Polityki zosta\u0142a przyj\u0119ta i obowi\u0105zuje od 2024-11-15.<\/p><p>Polityka jest na bie\u017c\u0105co weryfikowana i aktualizowana.<\/p><p class=\"has-medium-font-size\"><\/p><p class=\"has-medium-font-size\"><strong>\u00a71 Polityka Cookies<\/strong><\/p><ol class=\"wp-block-list\"><li>Serwis www.veganramenshop.pl u\u017cywa plik\u00f3w cookies.<\/li>\n\n<li>Administratorem Serwisu pod adresem www.veganramenshop.pl jest VEGAN RAMEN SHOP SP\u00d3\u0141KA Z OGRANICZON\u0104 ODPOWIEDZIALNO\u015aCI\u0104 z siedzib\u0105 w WARSZAWIE, ul. LUDWIKA NARBUTTA 83\/U3, wpisan\u0105 do rejestru przedsi\u0119biorc\u00f3w Krajowego Rejestru S\u0105dowego prowadzonego przez S\u0105d Rejonowy DLA M.ST. WARSZAWY, XIII Wydzia\u0142 Gospodarczy Krajowego Rejestru S\u0105dowego pod numerem KRS 0001043770, NIP: 5214025678, REGON 525690395, kapita\u0142 zak\u0142adowy w wysoko\u015bci 28 000,00 Z\u0141.<\/li>\n\n<li>Dokument zawiera informacje i zasady funkcjonowania i korzystaniu z plik\u00f3w cookies w Serwisie www.veganramenshop.pl.<\/li>\n\n<li>Kontakt z osob\u0105 nadzoruj\u0105c\u0105 przetwarzanie danych osobowych w organizacji jest mo\u017cliwy drog\u0105 elektroniczn\u0105 pod adresem e-mail: veganramenbar@gmail.com, pisemnie na adres Administratora.<\/li><\/ol><p class=\"has-medium-font-size\"><strong>\u00a72 Definicje<\/strong><\/p><ol class=\"wp-block-list\"><li>Administrator \u2013 VEGAN RAMEN SHOP SP\u00d3\u0141KA Z OGRANICZON\u0104 ODPOWIEDZIALNO\u015aCI\u0104 z siedzib\u0105 w WARSZAWIE, ul. LUDWIKA NARBUTTA 83\/U3, wpisan\u0105 do rejestru przedsi\u0119biorc\u00f3w Krajowego Rejestru S\u0105dowego prowadzonego przez S\u0105d Rejonowy DLA M.ST. WARSZAWY, XIII Wydzia\u0142 Gospodarczy Krajowego Rejestru S\u0105dowego pod numerem KRS 0001043770, NIP: 5214025678, REGON 525690395, kapita\u0142 zak\u0142adowy w wysoko\u015bci 28 000,00 Z\u0141<\/li>\n\n<li>Dane osobowe \u2013 informacje&nbsp; o&nbsp; osobie&nbsp; fizycznej&nbsp; zidentyfikowanej&nbsp; lub&nbsp; mo\u017cliwej&nbsp; do zidentyfikowania poprzez jeden b\u0105d\u017a kilka szczeg\u00f3lnych czynnik\u00f3w okre\u015blaj\u0105cych fizyczn\u0105, fizjologiczn\u0105,&nbsp; genetyczn\u0105,&nbsp; psychiczn\u0105,&nbsp; ekonomiczn\u0105,&nbsp; kulturow\u0105&nbsp; lub&nbsp; spo\u0142eczn\u0105&nbsp; to\u017csamo\u015b\u0107,&nbsp; w tym IP urz\u0105dzenia, identyfikator internetowy oraz informacje gromadzone za po\u015brednictwem&nbsp; plik\u00f3w cookie oraz innej podobnej technologii.<\/li>\n\n<li>Polityka \u2013 niniejsza Polityka Cookies.<\/li>\n\n<li>Pliki cookies (tzw. &#8222;ciasteczka&#8221;) to ma\u0142e fragmenty tekstu, kodu, kt\u00f3re s\u0105 wysy\u0142ane do przegl\u0105darki i kt\u00f3re przegl\u0105darka wysy\u0142a z powrotem. Niekt\u00f3re cookies s\u0105 czasem zapisywane na danym urz\u0105dzeniu podczas przegl\u0105dania Serwisu www.veganramenshop.pl.<\/li>\n\n<li>RODO \/ Rozporz\u0105dzenie RODO \u2013 rozporz\u0105dzenie Parlamentu Europejskiego i Rady (UE) 2016\/679 z 27.04.2016 r. w sprawie ochrony os\u00f3b fizycznych w zwi\u0105zku z przetwarzaniem danych osobowych i w sprawie swobodnego przep\u0142ywu takich danych oraz uchylenia dyrektywy 95\/46\/WE.<\/li>\n\n<li>Serwis \u2013 serwis internetowy prowadzony przez Administratora pod adresem www.veganramenshop.pl.<\/li>\n\n<li>U\u017cytkownik \u2013 ka\u017cda osoba fizyczna odwiedzaj\u0105ca Serwis lub korzystaj\u0105ca z jednej albo kilku us\u0142ug czy funkcjonalno\u015bci opisanych w Polityce.<\/li><\/ol><p class=\"has-medium-font-size\"><strong>\u00a73 Cel przechowywania i uzyskiwania dost\u0119pu do informacji<\/strong><\/p><ol class=\"wp-block-list\"><li>Pliki cookies, kt\u00f3re s\u0105 niezb\u0119dne do korzystania z Serwisu, s\u0142u\u017c\u0105 do dostosowania zawarto\u015bci Serwisu do preferencji U\u017cytkownika oraz optymalizacji korzystania z niego poprzez tworzenie statystyk, kt\u00f3re pomagaj\u0105 zrozumie\u0107, w jaki spos\u00f3b U\u017cytkownicy korzystaj\u0105 ze Strony, co umo\u017cliwia ulepszanie jej struktury i zawarto\u015bci, jak r\u00f3wnie\u017c do cel\u00f3w marketingowych.<\/li><\/ol><p class=\"has-medium-font-size\"><strong>\u00a74 Stosowane pliki Cookie<\/strong><\/p><ol class=\"wp-block-list\"><li>W ramach Serwisu mog\u0105 by\u0107 stosowane nast\u0119puj\u0105ce rodzaje plik\u00f3w cookies, m.in.: <strong>Reklamowe (ad_storage)<\/strong>Umo\u017cliwia przechowywanie danych powi\u0105zanych z reklamami, np. plik\u00f3w cookie (internet) lub identyfikator\u00f3w urz\u0105dze\u0144 (aplikacje).Na przyk\u0142ad:<strong>Preferencje reklam (ad_user_data)<\/strong>Wskazuje zgod\u0119 na wysy\u0142anie danych u\u017cytkownika do Google w celach zwi\u0105zanych z reklamami online.Na przyk\u0142ad:<strong>Personalizacja reklam (ad_personalization)<\/strong>Cookie personalizacyjne &#8211; Powoduje wyra\u017cenie zgody na reklamy spersonalizowane.Na przyk\u0142ad:<strong>Analityczne (analytics_storage)<\/strong>Umo\u017cliwia przechowywanie danych, takich jak pliki cookie (strony internetowe) lub identyfikatory urz\u0105dze\u0144 (aplikacje), zwi\u0105zane z analityk\u0105, np. z czasem trwania wizyty.Na przyk\u0142ad:<strong>Funkcjonalne (functionality_storage)<\/strong>Umo\u017cliwia pami\u0119\u0107 obs\u0142uguj\u0105c\u0105 funkcje witryny lub aplikacji, np. ustawienia j\u0119zyka.<strong>Personalizacyjne (personalization_storage)<\/strong>Umo\u017cliwia przechowywanie danych zwi\u0105zanych z personalizacj\u0105, na przyk\u0142ad rekomendacji film\u00f3w.<strong>Bezpiecze\u0144stwo (security_storage)<\/strong>Umo\u017cliwia przechowywanie danych zwi\u0105zanych z zabezpieczeniami, takimi jak funkcja uwierzytelniania, zapobieganie oszustwom i inne mechanizmy ochrony u\u017cytkownik\u00f3w.<ol class=\"wp-block-list\"><li>Google (<a href=\"https:\/\/policies.google.com\/privacy\">polityka prywatno\u015bci<\/a>)<\/li>\n\n<li>Meta (<a href=\"https:\/\/www.facebook.com\/privacy\/policy\/\">polityka prywatno\u015bci<\/a>)<\/li>\n\n<li>Google Ads (<a href=\"https:\/\/policies.google.com\/privacy\">polityka prywatno\u015bci<\/a>)<\/li>\n\n<li>Meta Ads (<a href=\"https:\/\/www.facebook.com\/privacy\/policy\/\">polityka prywatno\u015bci<\/a>)<\/li>\n\n<li>Google Ads (<a href=\"https:\/\/policies.google.com\/privacy\">polityka prywatno\u015bci<\/a>)<\/li>\n\n<li>Meta Ads (<a href=\"https:\/\/www.facebook.com\/privacy\/policy\/\">polityka prywatno\u015bci<\/a>)<\/li>\n\n<li>Google Analytics (<a href=\"https:\/\/policies.google.com\/privacy\">polityka prywatno\u015bci<\/a>)<\/li>\n\n<li>HotJar (<a href=\"https:\/\/www.hotjar.com\/legal\/policies\/privacy\/\">polityka prywatno\u015bci<\/a>)<\/li>\n\n<li>Clarity (<a href=\"https:\/\/privacy.microsoft.com\/pl-pl\/privacystatement\">polityka prywatno\u015bci<\/a>)<\/li>\n\n<li>Meta (<a href=\"https:\/\/www.facebook.com\/privacy\/policy\/\">polityka prywatno\u015bci<\/a>)<\/li><\/ol><\/li>\n\n<li>Szczeg\u00f3\u0142owy katalog u\u017cywanych w Serwisie plik\u00f3w cookies dost\u0119pny jest w okienku do zarz\u0105dzania zgodami cookies.<\/li><\/ol><p class=\"has-medium-font-size\"><strong>\u00a75 Zgoda na stosowanie plik\u00f3w cookies<\/strong><\/p><ol class=\"wp-block-list\"><li>Podczas wizyty w Serwisie zostanie wy\u015bwietlony komunikat informuj\u0105cy, \u017ce wykorzystuje on pliki cookies. Istnieje mo\u017cliwo\u015b\u0107 odrzucenia plik\u00f3w cookies oraz ich modyfikowania.<\/li>\n\n<li>Mo\u017cesz samodzielnie dokona\u0107 zmian w ustawieniach dotycz\u0105cych plik\u00f3w cookies. W wielu przypadkach przegl\u0105darka internetowa domy\u015blnie dopuszcza przechowywanie plik\u00f3w cookies w urz\u0105dzeniu ko\u0144cowym U\u017cytkownika. Szczeg\u00f3\u0142owe informacje o mo\u017cliwo\u015bci i sposobach obs\u0142ugi plik\u00f3w cookies dost\u0119pne s\u0105 w ustawieniach oprogramowania (przegl\u0105darki internetowej).<\/li>\n\n<li>Brak wyra\u017cenia zgody na pliki cookies mo\u017ce ogranicza\u0107 dzia\u0142anie niekt\u00f3rych funkcjonalno\u015bci na Stronie.<\/li><\/ol><p class=\"has-medium-font-size\">\u00a7<strong>6 Modyfikowanie ustawie\u0144 plik\u00f3w cookies<\/strong><\/p><ol class=\"wp-block-list\"><li>Zgoda u\u017cytkownika mo\u017ce zosta\u0107 cofni\u0119ta w dowolnym momencie. Wycofanie zgody nie wp\u0142ywa na zgodno\u015b\u0107 z prawem przetwarzania, kt\u00f3rego dokonano na podstawie zgody przed jej wycofaniem. Zgodami na wykorzystywanie plik\u00f3w cookies mo\u017cna zarz\u0105dza\u0107 za po\u015brednictwem ustawie\u0144 prywatno\u015bci na stronie lub za pomoc\u0105 swojej przegl\u0105darki internetowej.<\/li>\n\n<li>Poni\u017cej wskazujemy spos\u00f3b zmiany ustawie\u0144 cookies w najbardziej popularnych wyszukiwarkach:<ol class=\"wp-block-list\"><li>Google Chrome: Menu &gt; Ustawienia &gt; Prywatno\u015b\u0107 i bezpiecze\u0144stwo \u2013 nale\u017cy wybra\u0107 odpowiedni\u0105 opcj\u0119.<\/li>\n\n<li>Internet Explorer: Menu &gt; Ustawienia &gt; Pliki cookie i uprawnienia witryny \u2013 nale\u017cy wybra\u0107 odpowiedni\u0105 opcj\u0119.<\/li>\n\n<li>Mozilla Firefox: Menu &gt; Preferencje &gt; Prywatno\u015b\u0107 i bezpiecze\u0144stwo &gt; Ciasteczka i dane witryn \u2013 nale\u017cy wybra\u0107 odpowiedni\u0105 opcj\u0119.<\/li>\n\n<li>Opera: Menu &gt; Ustawienia &gt; Prywatno\u015b\u0107 i bezpiecze\u0144stwo \u2013 nale\u017cy wybra\u0107 odpowiedni\u0105 opcj\u0119.<\/li>\n\n<li>Safari: Menu &gt; Preferencje &gt; Prywatno\u015b\u0107 &gt; Pliki cookies \u2013 nale\u017cy wybra\u0107 odpowiedni\u0105 opcj\u0119.<\/li><\/ol><\/li><\/ol><p class=\"has-medium-font-size\"><strong>\u00a77 Zmiany w polityce plik\u00f3w cookies<\/strong><\/p><ol class=\"wp-block-list\"><li>Zmiany plik\u00f3w cookies b\u0119d\u0105 na bie\u017c\u0105co aktualizowane w okienku do zarz\u0105dzania zgodami cookies w Serwisie.<\/li><\/ol><p class=\"has-medium-font-size\"><strong>\u00a78 Zmiany Polityki cookies<\/strong><\/p><ol class=\"wp-block-list\"><li>Polityka jest na bie\u017c\u0105co weryfikowana i aktualizowana.<\/li>\n\n<li>Aktualna wersja Polityki zosta\u0142a przyj\u0119ta i obowi\u0105zuje od 2024-11-15.<\/li><\/ol>","protected":false},"excerpt":{"rendered":"<p>\u00a71 Administracja danych osobowych \u00a72 Definicje \u00a73 Bezpiecze\u0144stwo \u00a74 Cele i podstawy prawne przetwarzania danych \u00a75 Profilowanie \u00a76 Okres przetwarzania Danych osobowych \u00a77 Prawa U\u017cytkownika \u00a78 Odbiorcy danych osobowych \u00a79 Przekazywanie danych osobowych poza EOG \u00a710 Bezpiecze\u0144stwo Danych osobowych \u00a711 Zmiany Polityki prywatno\u015bci Aktualna wersja Polityki zosta\u0142a przyj\u0119ta i obowi\u0105zuje od 2024-11-15. Polityka jest na [&hellip;]<\/p>","protected":false},"author":2,"featured_media":0,"parent":0,"menu_order":0,"comment_status":"closed","ping_status":"closed","template":"tpl-legal.php","meta":{"_acf_changed":false,"footnotes":""},"class_list":["post-343","page","type-page","status-publish","hentry"],"acf":[],"_links":{"self":[{"href":"https:\/\/veganramenshop.pl\/en\/wp-json\/wp\/v2\/pages\/343","targetHints":{"allow":["GET"]}}],"collection":[{"href":"https:\/\/veganramenshop.pl\/en\/wp-json\/wp\/v2\/pages"}],"about":[{"href":"https:\/\/veganramenshop.pl\/en\/wp-json\/wp\/v2\/types\/page"}],"author":[{"embeddable":true,"href":"https:\/\/veganramenshop.pl\/en\/wp-json\/wp\/v2\/users\/2"}],"replies":[{"embeddable":true,"href":"https:\/\/veganramenshop.pl\/en\/wp-json\/wp\/v2\/comments?post=343"}],"version-history":[{"count":4,"href":"https:\/\/veganramenshop.pl\/en\/wp-json\/wp\/v2\/pages\/343\/revisions"}],"predecessor-version":[{"id":356,"href":"https:\/\/veganramenshop.pl\/en\/wp-json\/wp\/v2\/pages\/343\/revisions\/356"}],"wp:attachment":[{"href":"https:\/\/veganramenshop.pl\/en\/wp-json\/wp\/v2\/media?parent=343"}],"curies":[{"name":"wp","href":"https:\/\/api.w.org\/{rel}","templated":true}]}}